{"id":15,"date":"2017-09-23T17:54:32","date_gmt":"2017-09-23T15:54:32","guid":{"rendered":"http:\/\/boardinghaus.devultras.com\/?page_id=15"},"modified":"2021-12-17T10:51:56","modified_gmt":"2021-12-17T09:51:56","slug":"haus-villa","status":"publish","type":"page","link":"https:\/\/boardinghaus-freising.de\/en\/haus-villa\/","title":{"rendered":"House Villa"},"content":{"rendered":"<p>The House Villa (85354 Freising, Bahnhofplatz 7) offer:<\/p>\n<p><strong>1 x <a href=\"https:\/\/boardinghaus-freising.de\/haus-villa\/dg-wohnung\/\">Top Floor Flat <\/a><\/strong><\/p>\n<ul>\n<li>with 2 bed rooms, a living room with kitchenette, a bathroom with toilet and an additionally guest-toilet.<\/li>\n<\/ul>\n<p><strong>3 x final housing units with each<br \/>\n<\/strong><\/p>\n<ul>\n<li>3 large <a href=\"https:\/\/boardinghaus-freising.de\/haus-villa\/einzelzimmer\/\">Single Rooms<\/a>\/ <a href=\"https:\/\/boardinghaus-freising.de\/haus-villa\/doppelzimmer\/\">Double Rooms<\/a><\/li>\n<li><a href=\"https:\/\/boardinghaus-freising.de\/haus-villa\/gemeinschaftskueche\/\">Common Kitchen and Common Bathroom<\/a> (Shower + Toilet)<\/li>\n<\/ul>\n<p><strong>2 x final housing units with each<br \/>\n<\/strong><\/p>\n<ul>\n<li>1 large <a href=\"https:\/\/boardinghaus-freising.de\/haus-villa\/einzelzimmer\/\">Single Room<\/a>\/ <a href=\"https:\/\/boardinghaus-freising.de\/haus-villa\/doppelzimmer\/\">Double Room<\/a><\/li>\n<li>1 middle <a href=\"https:\/\/boardinghaus-freising.de\/haus-villa\/einzelzimmer\/\">Single Room<\/a><\/li>\n<li>1 small <a href=\"https:\/\/boardinghaus-freising.de\/haus-villa\/einzelzimmer\/\">Single Room<\/a><\/li>\n<li><a href=\"https:\/\/boardinghaus-freising.de\/haus-villa\/gemeinschaftskueche\/\">Common Kitchen and Common Bathroom<\/a> (Shower + Toilet)<\/li>\n<li>additionally guest toilet<\/li>\n<\/ul>\n<p><strong>1 x final housing unit with <\/strong><\/p>\n<ul>\n<li>1 large <a href=\"https:\/\/boardinghaus-freising.de\/haus-villa\/einzelzimmer\/\">Single Room<\/a>\/ <a href=\"https:\/\/boardinghaus-freising.de\/haus-villa\/doppelzimmer\/\">Double Room<\/a><\/li>\n<li>2 middle <a href=\"https:\/\/boardinghaus-freising.de\/haus-villa\/einzelzimmer\/\">Single Rooms<\/a><\/li>\n<li><a href=\"https:\/\/boardinghaus-freising.de\/haus-villa\/gemeinschaftskueche\/\">Common Kitchen and Common Bathroom<\/a> (Shower + Toilet)<\/li>\n<\/ul>\n<hr \/>\n<p><strong>This attainments are included<\/strong><\/p>\n<ul>\n<li>internet for free by WLAN-hotspot<\/li>\n<li>cleaning service (mo-sa): apartment\/room 1 x\/ week, kitchen + bathroom 2 x\/ week, final cleaning<\/li>\n<li>change of towels: once a week (mo-sa), change of linen: once a fortnight (mo-sa)<\/li>\n<li>car parking spaces<\/li>\n<li>bike storage<\/li>\n<\/ul>\n<p><strong>Optional further service you can use for a low price<\/strong><\/p>\n<ul>\n<li>laundry for privat clothings with coin-washing machine (1,50\u20ac\/using incl. liquid soap and softener), coin-dryer (1,50\u20ac\/using), iron and iron rack<\/li>\n<li>added guest bed 25,00 \u20ac \/night\/person<\/li>\n<\/ul>\n<p>For breakfast we recommand &#8220;Cafeteria Yormas&#8221; open 5am-10pm, distance 100 m<\/p>\n<p>All rooms are non smoking area<\/p>","protected":false},"excerpt":{"rendered":"<p>If you look for an economically priced accommodation book a room in our House Villa. Our apartments with common kitchen and bathroom have single and double rooms. We also offer a spacious attic apartment.<\/p>\n","protected":false},"author":2,"featured_media":208,"parent":0,"menu_order":0,"comment_status":"closed","ping_status":"closed","template":"","meta":{"footnotes":""},"class_list":["post-15","page","type-page","status-publish","has-post-thumbnail","hentry"],"yoast_head":"<!-- This site is optimized with the Yoast SEO plugin v26.3 - https:\/\/yoast.com\/wordpress\/plugins\/seo\/ -->\n<title>Boardinghaus Freising - Haus Villa. Die preiswerte Unterkunft.<\/title>\n<meta name=\"description\" content=\"Buchen Sie unser Haus Villa. Einzelzimmer in verschiedenen Gr\u00f6\u00dfen und Doppelzimmer mit Gemeinschaftsk\u00fcche und -bad. Oder eine ger\u00e4umige Dachgeschosswohnung.\" \/>\n<meta name=\"robots\" content=\"index, follow, max-snippet:-1, max-image-preview:large, max-video-preview:-1\" \/>\n<link rel=\"canonical\" href=\"https:\/\/boardinghaus-freising.de\/haus-villa\/\" \/>\n<meta property=\"og:locale\" content=\"en_US\" \/>\n<meta property=\"og:type\" content=\"article\" \/>\n<meta property=\"og:title\" content=\"Boardinghaus Freising - Haus Villa. Die preiswerte Unterkunft.\" \/>\n<meta property=\"og:description\" content=\"Buchen Sie unser Haus Villa. Einzelzimmer in verschiedenen Gr\u00f6\u00dfen und Doppelzimmer mit Gemeinschaftsk\u00fcche und -bad. Oder eine ger\u00e4umige Dachgeschosswohnung.\" \/>\n<meta property=\"og:url\" content=\"https:\/\/boardinghaus-freising.de\/haus-villa\/\" \/>\n<meta property=\"og:site_name\" content=\"Boardinghaus Freising\" \/>\n<meta property=\"article:modified_time\" content=\"2021-12-17T09:51:56+00:00\" \/>\n<meta property=\"og:image\" content=\"https:\/\/boardinghaus-freising.de\/wp-content\/uploads\/2017\/09\/haus_villa_start.jpg\" \/>\n\t<meta property=\"og:image:width\" content=\"875\" \/>\n\t<meta property=\"og:image:height\" content=\"400\" \/>\n\t<meta property=\"og:image:type\" content=\"image\/jpeg\" \/>\n<meta name=\"twitter:card\" content=\"summary_large_image\" \/>\n<meta name=\"twitter:label1\" content=\"Est. reading time\" \/>\n\t<meta name=\"twitter:data1\" content=\"2 minutes\" \/>\n<script type=\"application\/ld+json\" class=\"yoast-schema-graph\">{\"@context\":\"https:\/\/schema.org\",\"@graph\":[{\"@type\":\"WebPage\",\"@id\":\"https:\/\/boardinghaus-freising.de\/haus-villa\/\",\"url\":\"https:\/\/boardinghaus-freising.de\/haus-villa\/\",\"name\":\"Boardinghaus Freising - Haus Villa. Die preiswerte Unterkunft.\",\"isPartOf\":{\"@id\":\"https:\/\/boardinghaus-freising.de\/#website\"},\"primaryImageOfPage\":{\"@id\":\"https:\/\/boardinghaus-freising.de\/haus-villa\/#primaryimage\"},\"image\":{\"@id\":\"https:\/\/boardinghaus-freising.de\/haus-villa\/#primaryimage\"},\"thumbnailUrl\":\"https:\/\/boardinghaus-freising.de\/wp-content\/uploads\/2017\/09\/haus_villa_start.jpg\",\"datePublished\":\"2017-09-23T15:54:32+00:00\",\"dateModified\":\"2021-12-17T09:51:56+00:00\",\"description\":\"Buchen Sie unser Haus Villa. Einzelzimmer in verschiedenen Gr\u00f6\u00dfen und Doppelzimmer mit Gemeinschaftsk\u00fcche und -bad. Oder eine ger\u00e4umige Dachgeschosswohnung.\",\"breadcrumb\":{\"@id\":\"https:\/\/boardinghaus-freising.de\/haus-villa\/#breadcrumb\"},\"inLanguage\":\"en-US\",\"potentialAction\":[{\"@type\":\"ReadAction\",\"target\":[\"https:\/\/boardinghaus-freising.de\/haus-villa\/\"]}]},{\"@type\":\"ImageObject\",\"inLanguage\":\"en-US\",\"@id\":\"https:\/\/boardinghaus-freising.de\/haus-villa\/#primaryimage\",\"url\":\"https:\/\/boardinghaus-freising.de\/wp-content\/uploads\/2017\/09\/haus_villa_start.jpg\",\"contentUrl\":\"https:\/\/boardinghaus-freising.de\/wp-content\/uploads\/2017\/09\/haus_villa_start.jpg\",\"width\":875,\"height\":400,\"caption\":\"Haus Villa\"},{\"@type\":\"BreadcrumbList\",\"@id\":\"https:\/\/boardinghaus-freising.de\/haus-villa\/#breadcrumb\",\"itemListElement\":[{\"@type\":\"ListItem\",\"position\":1,\"name\":\"Startseite\",\"item\":\"https:\/\/boardinghaus-freising.de\/\"},{\"@type\":\"ListItem\",\"position\":2,\"name\":\"Haus Villa\"}]},{\"@type\":\"WebSite\",\"@id\":\"https:\/\/boardinghaus-freising.de\/#website\",\"url\":\"https:\/\/boardinghaus-freising.de\/\",\"name\":\"Boardinghaus Freising\",\"description\":\"A longterm stay\",\"potentialAction\":[{\"@type\":\"SearchAction\",\"target\":{\"@type\":\"EntryPoint\",\"urlTemplate\":\"https:\/\/boardinghaus-freising.de\/?s={search_term_string}\"},\"query-input\":{\"@type\":\"PropertyValueSpecification\",\"valueRequired\":true,\"valueName\":\"search_term_string\"}}],\"inLanguage\":\"en-US\"}]}<\/script>\n<!-- \/ Yoast SEO plugin. -->","yoast_head_json":{"title":"Boardinghaus Freising - Haus Villa. Die preiswerte Unterkunft.","description":"Buchen Sie unser Haus Villa. Einzelzimmer in verschiedenen Gr\u00f6\u00dfen und Doppelzimmer mit Gemeinschaftsk\u00fcche und -bad. Oder eine ger\u00e4umige Dachgeschosswohnung.","robots":{"index":"index","follow":"follow","max-snippet":"max-snippet:-1","max-image-preview":"max-image-preview:large","max-video-preview":"max-video-preview:-1"},"canonical":"https:\/\/boardinghaus-freising.de\/haus-villa\/","og_locale":"en_US","og_type":"article","og_title":"Boardinghaus Freising - Haus Villa. Die preiswerte Unterkunft.","og_description":"Buchen Sie unser Haus Villa. Einzelzimmer in verschiedenen Gr\u00f6\u00dfen und Doppelzimmer mit Gemeinschaftsk\u00fcche und -bad. Oder eine ger\u00e4umige Dachgeschosswohnung.","og_url":"https:\/\/boardinghaus-freising.de\/haus-villa\/","og_site_name":"Boardinghaus Freising","article_modified_time":"2021-12-17T09:51:56+00:00","og_image":[{"width":875,"height":400,"url":"https:\/\/boardinghaus-freising.de\/wp-content\/uploads\/2017\/09\/haus_villa_start.jpg","type":"image\/jpeg"}],"twitter_card":"summary_large_image","twitter_misc":{"Est. reading time":"2 minutes"},"schema":{"@context":"https:\/\/schema.org","@graph":[{"@type":"WebPage","@id":"https:\/\/boardinghaus-freising.de\/haus-villa\/","url":"https:\/\/boardinghaus-freising.de\/haus-villa\/","name":"Boardinghaus Freising - Haus Villa. Die preiswerte Unterkunft.","isPartOf":{"@id":"https:\/\/boardinghaus-freising.de\/#website"},"primaryImageOfPage":{"@id":"https:\/\/boardinghaus-freising.de\/haus-villa\/#primaryimage"},"image":{"@id":"https:\/\/boardinghaus-freising.de\/haus-villa\/#primaryimage"},"thumbnailUrl":"https:\/\/boardinghaus-freising.de\/wp-content\/uploads\/2017\/09\/haus_villa_start.jpg","datePublished":"2017-09-23T15:54:32+00:00","dateModified":"2021-12-17T09:51:56+00:00","description":"Buchen Sie unser Haus Villa. Einzelzimmer in verschiedenen Gr\u00f6\u00dfen und Doppelzimmer mit Gemeinschaftsk\u00fcche und -bad. Oder eine ger\u00e4umige Dachgeschosswohnung.","breadcrumb":{"@id":"https:\/\/boardinghaus-freising.de\/haus-villa\/#breadcrumb"},"inLanguage":"en-US","potentialAction":[{"@type":"ReadAction","target":["https:\/\/boardinghaus-freising.de\/haus-villa\/"]}]},{"@type":"ImageObject","inLanguage":"en-US","@id":"https:\/\/boardinghaus-freising.de\/haus-villa\/#primaryimage","url":"https:\/\/boardinghaus-freising.de\/wp-content\/uploads\/2017\/09\/haus_villa_start.jpg","contentUrl":"https:\/\/boardinghaus-freising.de\/wp-content\/uploads\/2017\/09\/haus_villa_start.jpg","width":875,"height":400,"caption":"Haus Villa"},{"@type":"BreadcrumbList","@id":"https:\/\/boardinghaus-freising.de\/haus-villa\/#breadcrumb","itemListElement":[{"@type":"ListItem","position":1,"name":"Startseite","item":"https:\/\/boardinghaus-freising.de\/"},{"@type":"ListItem","position":2,"name":"Haus Villa"}]},{"@type":"WebSite","@id":"https:\/\/boardinghaus-freising.de\/#website","url":"https:\/\/boardinghaus-freising.de\/","name":"Boardinghaus Freising","description":"A longterm stay","potentialAction":[{"@type":"SearchAction","target":{"@type":"EntryPoint","urlTemplate":"https:\/\/boardinghaus-freising.de\/?s={search_term_string}"},"query-input":{"@type":"PropertyValueSpecification","valueRequired":true,"valueName":"search_term_string"}}],"inLanguage":"en-US"}]}},"_links":{"self":[{"href":"https:\/\/boardinghaus-freising.de\/en\/wp-json\/wp\/v2\/pages\/15","targetHints":{"allow":["GET"]}}],"collection":[{"href":"https:\/\/boardinghaus-freising.de\/en\/wp-json\/wp\/v2\/pages"}],"about":[{"href":"https:\/\/boardinghaus-freising.de\/en\/wp-json\/wp\/v2\/types\/page"}],"author":[{"embeddable":true,"href":"https:\/\/boardinghaus-freising.de\/en\/wp-json\/wp\/v2\/users\/2"}],"replies":[{"embeddable":true,"href":"https:\/\/boardinghaus-freising.de\/en\/wp-json\/wp\/v2\/comments?post=15"}],"version-history":[{"count":50,"href":"https:\/\/boardinghaus-freising.de\/en\/wp-json\/wp\/v2\/pages\/15\/revisions"}],"predecessor-version":[{"id":1313,"href":"https:\/\/boardinghaus-freising.de\/en\/wp-json\/wp\/v2\/pages\/15\/revisions\/1313"}],"wp:featuredmedia":[{"embeddable":true,"href":"https:\/\/boardinghaus-freising.de\/en\/wp-json\/wp\/v2\/media\/208"}],"wp:attachment":[{"href":"https:\/\/boardinghaus-freising.de\/en\/wp-json\/wp\/v2\/media?parent=15"}],"curies":[{"name":"wp","href":"https:\/\/api.w.org\/{rel}","templated":true}]}}