{"id":31,"date":"2017-09-24T09:50:58","date_gmt":"2017-09-24T07:50:58","guid":{"rendered":"http:\/\/boardinghaus.devultras.com\/?page_id=31"},"modified":"2025-11-19T11:05:55","modified_gmt":"2025-11-19T10:05:55","slug":"hausordnung","status":"publish","type":"page","link":"https:\/\/boardinghaus-freising.de\/en\/hausordnung\/","title":{"rendered":"Rules of house"},"content":{"rendered":"<p>Thank you for showing considerate attidude.<\/p>\n<p>So please:<\/p>\n<ul>\n<li>subdued low volume, also for music and television, mainly from 10pm &#8211; 6am<\/li>\n<li>take care about furnishing<\/li>\n<li>hold clean kitchen, bathroom and toilet<\/li>\n<li>eleminate bad smell, open windows on own initiative<\/li>\n<li>seperate waste<\/li>\n<\/ul>\n<p>Trash container are provided for<\/p>\n<ul>\n<li>recycle<\/li>\n<li>glas<\/li>\n<li>paper<\/li>\n<li>organic<\/li>\n<li>residual<\/li>\n<\/ul>\n<p>on day of room cleaning (look at plan in flat or on room door) please clear up your room from clothings and privat objects.<br \/>\nThat \u0301s the only practible way to guarantee an efficient cleaning.<\/p>\n<p>Take off key from flat\/room door (inside).<\/p>\n<p>Sorry<\/p>\n<ul>\n<li>it&#8217;s not allowed to dry clothings inside the rooms\/apartments<\/li>\n<li>no peds<\/li>\n<li>no smoking (smokers areals outside)<\/li>\n<li>In case of smoking we calculate for special cleaning costs about 250\u20ac<\/li>\n<\/ul>\n<p><\/p>","protected":false},"excerpt":{"rendered":"<p>Thank you for showing considerate attidude. So please: subdued low volume, also for music and television, mainly from 10pm &#8211; 6am take care about furnishing hold clean kitchen, bathroom and toilet eleminate bad smell, open windows on own initiative seperate waste Trash container are provided for recycle glas paper organic residual on day of room [&hellip;]<\/p>\n","protected":false},"author":2,"featured_media":0,"parent":0,"menu_order":0,"comment_status":"closed","ping_status":"closed","template":"","meta":{"footnotes":""},"class_list":["post-31","page","type-page","status-publish","hentry"],"yoast_head":"<!-- This site is optimized with the Yoast SEO plugin v26.3 - https:\/\/yoast.com\/wordpress\/plugins\/seo\/ -->\n<title>Boardinghaus Freising - Hausordnung f\u00fcr ein besseres Miteinander<\/title>\n<meta name=\"description\" content=\"Wir und Ihre MitbewohnerInnen bitten Sie um r\u00fccksichtsvolles Verhalten. So wird das Wohnen auf Zeit f\u00fcr alle angenehm und st\u00f6rungsfrei\" \/>\n<meta name=\"robots\" content=\"index, follow, max-snippet:-1, max-image-preview:large, max-video-preview:-1\" \/>\n<link rel=\"canonical\" href=\"https:\/\/boardinghaus-freising.de\/hausordnung\/\" \/>\n<meta property=\"og:locale\" content=\"en_US\" \/>\n<meta property=\"og:type\" content=\"article\" \/>\n<meta property=\"og:title\" content=\"[:de]Boardinghaus Freising - Hausordnung f\u00fcr eine bessere Miteinander[:en]Boardinghaus Freising - Hausordnung f\u00fcr ein besseres Miteinander[:]\" \/>\n<meta property=\"og:description\" content=\"{:de}Wir und Ihre Mitbewohner bitten Sie um r\u00fccksichtsvolles Verhalten. So wird das Wohnen auf Zeit f\u00fcr alle angenehm und st\u00f6rungsfrei{:en}Wir und Ihre MitbewohnerInnen bitten Sie um r\u00fccksichtsvolles Verhalten. So wird das Wohnen auf Zeit f\u00fcr alle angenehm und st\u00f6rungsfrei{:}\" \/>\n<meta property=\"og:url\" content=\"https:\/\/boardinghaus-freising.de\/hausordnung\/\" \/>\n<meta property=\"og:site_name\" content=\"Boardinghaus Freising\" \/>\n<meta property=\"article:modified_time\" content=\"2025-11-19T10:05:55+00:00\" \/>\n<meta name=\"twitter:card\" content=\"summary_large_image\" \/>\n<meta name=\"twitter:label1\" content=\"Est. reading time\" \/>\n\t<meta name=\"twitter:data1\" content=\"2 minutes\" \/>\n<script type=\"application\/ld+json\" class=\"yoast-schema-graph\">{\"@context\":\"https:\/\/schema.org\",\"@graph\":[{\"@type\":\"WebPage\",\"@id\":\"https:\/\/boardinghaus-freising.de\/hausordnung\/\",\"url\":\"https:\/\/boardinghaus-freising.de\/hausordnung\/\",\"name\":\"[:de]Boardinghaus Freising - Hausordnung f\u00fcr eine bessere Miteinander[:en]Boardinghaus Freising - Hausordnung f\u00fcr ein besseres Miteinander[:]\",\"isPartOf\":{\"@id\":\"https:\/\/boardinghaus-freising.de\/#website\"},\"datePublished\":\"2017-09-24T07:50:58+00:00\",\"dateModified\":\"2025-11-19T10:05:55+00:00\",\"description\":\"{:de}Wir und Ihre Mitbewohner bitten Sie um r\u00fccksichtsvolles Verhalten. So wird das Wohnen auf Zeit f\u00fcr alle angenehm und st\u00f6rungsfrei{:en}Wir und Ihre MitbewohnerInnen bitten Sie um r\u00fccksichtsvolles Verhalten. So wird das Wohnen auf Zeit f\u00fcr alle angenehm und st\u00f6rungsfrei{:}\",\"breadcrumb\":{\"@id\":\"https:\/\/boardinghaus-freising.de\/hausordnung\/#breadcrumb\"},\"inLanguage\":\"en-US\",\"potentialAction\":[{\"@type\":\"ReadAction\",\"target\":[\"https:\/\/boardinghaus-freising.de\/hausordnung\/\"]}]},{\"@type\":\"BreadcrumbList\",\"@id\":\"https:\/\/boardinghaus-freising.de\/hausordnung\/#breadcrumb\",\"itemListElement\":[{\"@type\":\"ListItem\",\"position\":1,\"name\":\"Startseite\",\"item\":\"https:\/\/boardinghaus-freising.de\/\"},{\"@type\":\"ListItem\",\"position\":2,\"name\":\"Hausordnung\"}]},{\"@type\":\"WebSite\",\"@id\":\"https:\/\/boardinghaus-freising.de\/#website\",\"url\":\"https:\/\/boardinghaus-freising.de\/\",\"name\":\"Boardinghaus Freising\",\"description\":\"A longterm stay\",\"potentialAction\":[{\"@type\":\"SearchAction\",\"target\":{\"@type\":\"EntryPoint\",\"urlTemplate\":\"https:\/\/boardinghaus-freising.de\/?s={search_term_string}\"},\"query-input\":{\"@type\":\"PropertyValueSpecification\",\"valueRequired\":true,\"valueName\":\"search_term_string\"}}],\"inLanguage\":\"en-US\"}]}<\/script>\n<!-- \/ Yoast SEO plugin. -->","yoast_head_json":{"title":"Boardinghaus Freising - Hausordnung f\u00fcr ein besseres Miteinander","description":"Wir und Ihre MitbewohnerInnen bitten Sie um r\u00fccksichtsvolles Verhalten. So wird das Wohnen auf Zeit f\u00fcr alle angenehm und st\u00f6rungsfrei","robots":{"index":"index","follow":"follow","max-snippet":"max-snippet:-1","max-image-preview":"max-image-preview:large","max-video-preview":"max-video-preview:-1"},"canonical":"https:\/\/boardinghaus-freising.de\/hausordnung\/","og_locale":"en_US","og_type":"article","og_title":"[:de]Boardinghaus Freising - Hausordnung f\u00fcr eine bessere Miteinander[:en]Boardinghaus Freising - Hausordnung f\u00fcr ein besseres Miteinander[:]","og_description":"{:de}Wir und Ihre Mitbewohner bitten Sie um r\u00fccksichtsvolles Verhalten. So wird das Wohnen auf Zeit f\u00fcr alle angenehm und st\u00f6rungsfrei{:en}Wir und Ihre MitbewohnerInnen bitten Sie um r\u00fccksichtsvolles Verhalten. So wird das Wohnen auf Zeit f\u00fcr alle angenehm und st\u00f6rungsfrei{:}","og_url":"https:\/\/boardinghaus-freising.de\/hausordnung\/","og_site_name":"Boardinghaus Freising","article_modified_time":"2025-11-19T10:05:55+00:00","twitter_card":"summary_large_image","twitter_misc":{"Est. reading time":"2 minutes"},"schema":{"@context":"https:\/\/schema.org","@graph":[{"@type":"WebPage","@id":"https:\/\/boardinghaus-freising.de\/hausordnung\/","url":"https:\/\/boardinghaus-freising.de\/hausordnung\/","name":"[:de]Boardinghaus Freising - Hausordnung f\u00fcr eine bessere Miteinander[:en]Boardinghaus Freising - Hausordnung f\u00fcr ein besseres Miteinander[:]","isPartOf":{"@id":"https:\/\/boardinghaus-freising.de\/#website"},"datePublished":"2017-09-24T07:50:58+00:00","dateModified":"2025-11-19T10:05:55+00:00","description":"{:de}Wir und Ihre Mitbewohner bitten Sie um r\u00fccksichtsvolles Verhalten. So wird das Wohnen auf Zeit f\u00fcr alle angenehm und st\u00f6rungsfrei{:en}Wir und Ihre MitbewohnerInnen bitten Sie um r\u00fccksichtsvolles Verhalten. So wird das Wohnen auf Zeit f\u00fcr alle angenehm und st\u00f6rungsfrei{:}","breadcrumb":{"@id":"https:\/\/boardinghaus-freising.de\/hausordnung\/#breadcrumb"},"inLanguage":"en-US","potentialAction":[{"@type":"ReadAction","target":["https:\/\/boardinghaus-freising.de\/hausordnung\/"]}]},{"@type":"BreadcrumbList","@id":"https:\/\/boardinghaus-freising.de\/hausordnung\/#breadcrumb","itemListElement":[{"@type":"ListItem","position":1,"name":"Startseite","item":"https:\/\/boardinghaus-freising.de\/"},{"@type":"ListItem","position":2,"name":"Hausordnung"}]},{"@type":"WebSite","@id":"https:\/\/boardinghaus-freising.de\/#website","url":"https:\/\/boardinghaus-freising.de\/","name":"Boardinghaus Freising","description":"A longterm stay","potentialAction":[{"@type":"SearchAction","target":{"@type":"EntryPoint","urlTemplate":"https:\/\/boardinghaus-freising.de\/?s={search_term_string}"},"query-input":{"@type":"PropertyValueSpecification","valueRequired":true,"valueName":"search_term_string"}}],"inLanguage":"en-US"}]}},"_links":{"self":[{"href":"https:\/\/boardinghaus-freising.de\/en\/wp-json\/wp\/v2\/pages\/31","targetHints":{"allow":["GET"]}}],"collection":[{"href":"https:\/\/boardinghaus-freising.de\/en\/wp-json\/wp\/v2\/pages"}],"about":[{"href":"https:\/\/boardinghaus-freising.de\/en\/wp-json\/wp\/v2\/types\/page"}],"author":[{"embeddable":true,"href":"https:\/\/boardinghaus-freising.de\/en\/wp-json\/wp\/v2\/users\/2"}],"replies":[{"embeddable":true,"href":"https:\/\/boardinghaus-freising.de\/en\/wp-json\/wp\/v2\/comments?post=31"}],"version-history":[{"count":17,"href":"https:\/\/boardinghaus-freising.de\/en\/wp-json\/wp\/v2\/pages\/31\/revisions"}],"predecessor-version":[{"id":1833,"href":"https:\/\/boardinghaus-freising.de\/en\/wp-json\/wp\/v2\/pages\/31\/revisions\/1833"}],"wp:attachment":[{"href":"https:\/\/boardinghaus-freising.de\/en\/wp-json\/wp\/v2\/media?parent=31"}],"curies":[{"name":"wp","href":"https:\/\/api.w.org\/{rel}","templated":true}]}}