{"id":47,"date":"2017-09-24T22:33:23","date_gmt":"2017-09-24T20:33:23","guid":{"rendered":"http:\/\/boardinghaus.devultras.com\/?page_id=47"},"modified":"2024-06-18T15:39:07","modified_gmt":"2024-06-18T13:39:07","slug":"umgebung","status":"publish","type":"page","link":"https:\/\/boardinghaus-freising.de\/en\/umgebung\/","title":{"rendered":"Freising and surroundings"},"content":{"rendered":"<p>Freising is a school- and university town, a scientific, economic and religious centre, a cultural focal point in the region. Being the oldest town between Regensburg and Bolzano, with its round 50.000 inhabitants currently, Freising is an outstanding site for economy, sciences and tourism. The beautifully preserved, historic downtown with the attractive town houses and other places of interest, the restaurants, rustic pubs and nice beer gardens offer pastime and experience.<\/p>\n<p><strong>Here you find some of the important destinations:<\/strong><\/p>\n<ul>\n<li><a href=\"https:\/\/www.freising.de\/\" target=\"_blank\" rel=\"noopener\">Downtown Freising<\/a>, restaurants, shops and other venues (distance 0,4 km)<\/li>\n<li><a href=\"http:\/\/www.freisinger-dom.de\/index.php?id=22\">Mariendom<\/a>, the cathedral hill\u00a0 (distance 0,4 km)<\/li>\n<li><a href=\"https:\/\/www.weihenstephaner.de\/en\/\">Weihenstephan<\/a>, the oldest brewery of the world (distance 1,5 km)<\/li>\n<li><a href=\"https:\/\/www.tum.de\/nc\/en\/homepage\/\">Technical University Munich<\/a>\u00a0 (distance 2,0 km<\/li>\n<li><a href=\"https:\/\/www.hswt.de\/en.html\">Weihenstephan University of Applied Sciences<\/a> (distance 2,0 km)<\/li>\n<li><a href=\"https:\/\/www.ivv.fraunhofer.de\/en.html\">Fraunhofer IVV<\/a> (distance 3,0 km)<\/li>\n<li><a href=\"http:\/\/www.ti.com\/\">Texas Instruments Germany<\/a> (distance 2,5 km)<\/li>\n<li>Supermarket &#8216;REWE&#8217; for your daily shopping (distance 0,2 km)<\/li>\n<li><a href=\"https:\/\/siggis.jetzt\/standorte\/coffeeco_freising\/\">&#8220;Siggis-Coffee &amp; Co&#8221;<\/a>\u00a0 (distance 0,1km)<\/li>\n<li>&#8216;Isarauen&#8217; recreation area for jogging, biking, walking, relaxing (distance 0,3 km)<\/li>\n<li>Freising railway station (timetables of <a href=\"http:\/\/www.mvv-muenchen.de\/\" target=\"_blank\" rel=\"noopener\">MVV<\/a> and <a href=\"http:\/\/www.bahn.de\/\" target=\"_blank\" rel=\"noopener\">DB-German Railways<\/a>) (distance 0,1 km)<\/li>\n<li>bus terminal\n<ul>\n<li>Freising <a href=\"http:\/\/www.stw-freising.de\/de\/Stadtbus-Parkhaeuser\/Stadtbus\/Fahrplaene\/Fahrplaene-ab-11.12.2016.html\" target=\"_blank\" rel=\"noopener\">bus timetable<\/a> (distance 0,05 km)<\/li>\n<li>Forschungszentrum Garching\/resear center Garching<a href=\"https:\/\/efa.mvv-muenchen.de\/ttb\/mvv_20660_X_H_s21_1.pdf\"> bus timetable<\/a> (distsance 0,05 km)<\/li>\n<li>Regional <a href=\"https:\/\/www.kreis-freising.de\/landkreis-freising\/ueber-den-landkreis\/bus-und-bahn.html\" target=\"_blank\" rel=\"noopener\">bus timetable<\/a>\u00a0 (distance 0,2 km)<\/li>\n<\/ul>\n<\/li>\n<li>Carsharing &#8216;<a href=\"http:\/\/www.sta-fs.de\/\" target=\"_blank\" rel=\"noopener\">StadtTeilAuto Freising<\/a>&#8216; (distance 0,05 km)<\/li>\n<li>Taxi station in front of the railway station (distance 0,1 km)<\/li>\n<li>Highway &#8216;Freising-South&#8217;\/&#8217;Freising-East&#8217;\/&#8217;Freising-Centrum&#8217; (distance 3,5 km\/5,5 km\/8,0 km)<\/li>\n<li><a href=\"https:\/\/www.munich-airport.de\/\" target=\"_blank\" rel=\"noopener\">Munich Airport<\/a> (distance 7,0 km)<\/li>\n<li><a href=\"http:\/\/www.muenchen.de\/\" target=\"_blank\" rel=\"noopener\">Munich<\/a> Centrum (distance 30, 0 km)<\/li>\n<li><a href=\"http:\/\/www.messe-muenchen.de\/\" target=\"_blank\" rel=\"noopener\">Munich International Trade Fair<\/a> (distance 30,0 km)<\/li>\n<li><a href=\"https:\/\/allianz-arena.com\/de\" target=\"_blank\" rel=\"noopener\">Allianz Arena <\/a>Football Stadium (distance 20,0 km)<\/li>\n<\/ul>\n<p><\/p>","protected":false},"excerpt":{"rendered":"<p>Freising is a school- and university town, a scientific, economic and religious centre, a cultural focal point in the region. Being the oldest town between Regensburg and Bolzano, with its round 50.000 inhabitants currently, Freising is an outstanding site for economy, sciences and tourism. The beautifully preserved, historic downtown with the attractive town houses and [&hellip;]<\/p>\n","protected":false},"author":2,"featured_media":0,"parent":0,"menu_order":0,"comment_status":"closed","ping_status":"closed","template":"","meta":{"footnotes":""},"class_list":["post-47","page","type-page","status-publish","hentry"],"yoast_head":"<!-- This site is optimized with the Yoast SEO plugin v26.3 - https:\/\/yoast.com\/wordpress\/plugins\/seo\/ -->\n<title>Boardinghaus Freising - Zentrale Lage in der Domstadt Freising<\/title>\n<meta name=\"description\" content=\"Wohnen auf Zeit in der Domstadt Freising. Historische Altstadt mit B\u00fcrgerh\u00e4usern, Sehensw\u00fcrdigkeiten, Restaurants, urigen Kneipen und gem\u00fctlichen Bierg\u00e4rten\" \/>\n<meta name=\"robots\" content=\"index, follow, max-snippet:-1, max-image-preview:large, max-video-preview:-1\" \/>\n<link rel=\"canonical\" href=\"https:\/\/boardinghaus-freising.de\/umgebung\/\" \/>\n<meta property=\"og:locale\" content=\"en_US\" \/>\n<meta property=\"og:type\" content=\"article\" \/>\n<meta property=\"og:title\" content=\"Boardinghaus Freising - Zentrale Lage in der Domstadt Freising\" \/>\n<meta property=\"og:description\" content=\"Wohnen auf Zeit in der Domstadt Freising. Historische Altstadt mit B\u00fcrgerh\u00e4usern, Sehensw\u00fcrdigkeiten, Restaurants, urigen Kneipen und gem\u00fctlichen Bierg\u00e4rten\" \/>\n<meta property=\"og:url\" content=\"https:\/\/boardinghaus-freising.de\/umgebung\/\" \/>\n<meta property=\"og:site_name\" content=\"Boardinghaus Freising\" \/>\n<meta property=\"article:modified_time\" content=\"2024-06-18T13:39:07+00:00\" \/>\n<meta name=\"twitter:card\" content=\"summary_large_image\" \/>\n<meta name=\"twitter:label1\" content=\"Est. reading time\" \/>\n\t<meta name=\"twitter:data1\" content=\"3 minutes\" \/>\n<script type=\"application\/ld+json\" class=\"yoast-schema-graph\">{\"@context\":\"https:\/\/schema.org\",\"@graph\":[{\"@type\":\"WebPage\",\"@id\":\"https:\/\/boardinghaus-freising.de\/umgebung\/\",\"url\":\"https:\/\/boardinghaus-freising.de\/umgebung\/\",\"name\":\"Boardinghaus Freising - Zentrale Lage in der Domstadt Freising\",\"isPartOf\":{\"@id\":\"https:\/\/boardinghaus-freising.de\/#website\"},\"datePublished\":\"2017-09-24T20:33:23+00:00\",\"dateModified\":\"2024-06-18T13:39:07+00:00\",\"description\":\"Wohnen auf Zeit in der Domstadt Freising. Historische Altstadt mit B\u00fcrgerh\u00e4usern, Sehensw\u00fcrdigkeiten, Restaurants, urigen Kneipen und gem\u00fctlichen Bierg\u00e4rten\",\"breadcrumb\":{\"@id\":\"https:\/\/boardinghaus-freising.de\/umgebung\/#breadcrumb\"},\"inLanguage\":\"en-US\",\"potentialAction\":[{\"@type\":\"ReadAction\",\"target\":[\"https:\/\/boardinghaus-freising.de\/umgebung\/\"]}]},{\"@type\":\"BreadcrumbList\",\"@id\":\"https:\/\/boardinghaus-freising.de\/umgebung\/#breadcrumb\",\"itemListElement\":[{\"@type\":\"ListItem\",\"position\":1,\"name\":\"Startseite\",\"item\":\"https:\/\/boardinghaus-freising.de\/\"},{\"@type\":\"ListItem\",\"position\":2,\"name\":\"Freising und Umgebung\"}]},{\"@type\":\"WebSite\",\"@id\":\"https:\/\/boardinghaus-freising.de\/#website\",\"url\":\"https:\/\/boardinghaus-freising.de\/\",\"name\":\"Boardinghaus Freising\",\"description\":\"A longterm stay\",\"potentialAction\":[{\"@type\":\"SearchAction\",\"target\":{\"@type\":\"EntryPoint\",\"urlTemplate\":\"https:\/\/boardinghaus-freising.de\/?s={search_term_string}\"},\"query-input\":{\"@type\":\"PropertyValueSpecification\",\"valueRequired\":true,\"valueName\":\"search_term_string\"}}],\"inLanguage\":\"en-US\"}]}<\/script>\n<!-- \/ Yoast SEO plugin. -->","yoast_head_json":{"title":"Boardinghaus Freising - Zentrale Lage in der Domstadt Freising","description":"Wohnen auf Zeit in der Domstadt Freising. Historische Altstadt mit B\u00fcrgerh\u00e4usern, Sehensw\u00fcrdigkeiten, Restaurants, urigen Kneipen und gem\u00fctlichen Bierg\u00e4rten","robots":{"index":"index","follow":"follow","max-snippet":"max-snippet:-1","max-image-preview":"max-image-preview:large","max-video-preview":"max-video-preview:-1"},"canonical":"https:\/\/boardinghaus-freising.de\/umgebung\/","og_locale":"en_US","og_type":"article","og_title":"Boardinghaus Freising - Zentrale Lage in der Domstadt Freising","og_description":"Wohnen auf Zeit in der Domstadt Freising. Historische Altstadt mit B\u00fcrgerh\u00e4usern, Sehensw\u00fcrdigkeiten, Restaurants, urigen Kneipen und gem\u00fctlichen Bierg\u00e4rten","og_url":"https:\/\/boardinghaus-freising.de\/umgebung\/","og_site_name":"Boardinghaus Freising","article_modified_time":"2024-06-18T13:39:07+00:00","twitter_card":"summary_large_image","twitter_misc":{"Est. reading time":"3 minutes"},"schema":{"@context":"https:\/\/schema.org","@graph":[{"@type":"WebPage","@id":"https:\/\/boardinghaus-freising.de\/umgebung\/","url":"https:\/\/boardinghaus-freising.de\/umgebung\/","name":"Boardinghaus Freising - Zentrale Lage in der Domstadt Freising","isPartOf":{"@id":"https:\/\/boardinghaus-freising.de\/#website"},"datePublished":"2017-09-24T20:33:23+00:00","dateModified":"2024-06-18T13:39:07+00:00","description":"Wohnen auf Zeit in der Domstadt Freising. Historische Altstadt mit B\u00fcrgerh\u00e4usern, Sehensw\u00fcrdigkeiten, Restaurants, urigen Kneipen und gem\u00fctlichen Bierg\u00e4rten","breadcrumb":{"@id":"https:\/\/boardinghaus-freising.de\/umgebung\/#breadcrumb"},"inLanguage":"en-US","potentialAction":[{"@type":"ReadAction","target":["https:\/\/boardinghaus-freising.de\/umgebung\/"]}]},{"@type":"BreadcrumbList","@id":"https:\/\/boardinghaus-freising.de\/umgebung\/#breadcrumb","itemListElement":[{"@type":"ListItem","position":1,"name":"Startseite","item":"https:\/\/boardinghaus-freising.de\/"},{"@type":"ListItem","position":2,"name":"Freising und Umgebung"}]},{"@type":"WebSite","@id":"https:\/\/boardinghaus-freising.de\/#website","url":"https:\/\/boardinghaus-freising.de\/","name":"Boardinghaus Freising","description":"A longterm stay","potentialAction":[{"@type":"SearchAction","target":{"@type":"EntryPoint","urlTemplate":"https:\/\/boardinghaus-freising.de\/?s={search_term_string}"},"query-input":{"@type":"PropertyValueSpecification","valueRequired":true,"valueName":"search_term_string"}}],"inLanguage":"en-US"}]}},"_links":{"self":[{"href":"https:\/\/boardinghaus-freising.de\/en\/wp-json\/wp\/v2\/pages\/47","targetHints":{"allow":["GET"]}}],"collection":[{"href":"https:\/\/boardinghaus-freising.de\/en\/wp-json\/wp\/v2\/pages"}],"about":[{"href":"https:\/\/boardinghaus-freising.de\/en\/wp-json\/wp\/v2\/types\/page"}],"author":[{"embeddable":true,"href":"https:\/\/boardinghaus-freising.de\/en\/wp-json\/wp\/v2\/users\/2"}],"replies":[{"embeddable":true,"href":"https:\/\/boardinghaus-freising.de\/en\/wp-json\/wp\/v2\/comments?post=47"}],"version-history":[{"count":55,"href":"https:\/\/boardinghaus-freising.de\/en\/wp-json\/wp\/v2\/pages\/47\/revisions"}],"predecessor-version":[{"id":1613,"href":"https:\/\/boardinghaus-freising.de\/en\/wp-json\/wp\/v2\/pages\/47\/revisions\/1613"}],"wp:attachment":[{"href":"https:\/\/boardinghaus-freising.de\/en\/wp-json\/wp\/v2\/media?parent=47"}],"curies":[{"name":"wp","href":"https:\/\/api.w.org\/{rel}","templated":true}]}}