{"id":521,"date":"2017-10-26T00:15:13","date_gmt":"2017-10-25T22:15:13","guid":{"rendered":"http:\/\/boardinghaus.devultras.com\/?page_id=521"},"modified":"2017-11-20T20:57:51","modified_gmt":"2017-11-20T19:57:51","slug":"gemeinschaftskueche","status":"publish","type":"page","link":"https:\/\/boardinghaus-freising.de\/en\/haus-villa\/gemeinschaftskueche\/","title":{"rendered":"Common Kitchen and Common Bathroom"},"content":{"rendered":"<p><\/p>\n<h2><strong>House Villa<\/strong><\/h2>\n<hr \/>\n<p><strong>common kitchen and common bathroom in each flat-share<\/strong><\/p>\n<p><strong>kitchenette<\/strong> with<\/p>\n<ul>\n<li>refridgerator<\/li>\n<li>cooker<\/li>\n<li>micro wave<\/li>\n<li>coffee machine<\/li>\n<li>adeqate cooking- and dinnerware<\/li>\n<li>dish-washing agent, dish towels<\/li>\n<\/ul>\n<p><strong>bathroom<\/strong> with<\/p>\n<ul>\n<li>shower<\/li>\n<li>toilett<\/li>\n<li>wash basin<\/li>\n<\/ul>\n<p><\/p>","protected":false},"excerpt":{"rendered":"<p>House Villa common kitchen and common bathroom in each flat-share kitchenette with refridgerator cooker micro wave coffee machine adeqate cooking- and dinnerware dish-washing agent, dish towels bathroom with shower toilett wash basin<\/p>\n","protected":false},"author":2,"featured_media":0,"parent":15,"menu_order":4,"comment_status":"closed","ping_status":"closed","template":"","meta":{"footnotes":""},"class_list":["post-521","page","type-page","status-publish","hentry"],"yoast_head":"<!-- This site is optimized with the Yoast SEO plugin v26.3 - https:\/\/yoast.com\/wordpress\/plugins\/seo\/ -->\n<title>(Deutsch) Boardinghaus Freising - Gemeinschaftk\u00fcche und Gemeinschaftsbad<\/title>\n<meta name=\"description\" content=\"(Deutsch) Komplett und modern ausgestattete Gemeinschaftsk\u00fcche mit K\u00fchlschrank, Herd, Mikrowelle, Kaffeemaschine und Wasserkocher sowie Bad f\u00fcr je 3 Zimmer\" \/>\n<meta name=\"robots\" content=\"index, follow, max-snippet:-1, max-image-preview:large, max-video-preview:-1\" \/>\n<link rel=\"canonical\" href=\"https:\/\/boardinghaus-freising.de\/en\/haus-villa\/gemeinschaftskueche\/\" \/>\n<meta property=\"og:locale\" content=\"en_US\" \/>\n<meta property=\"og:type\" content=\"article\" \/>\n<meta property=\"og:title\" content=\"(Deutsch) Boardinghaus Freising - Gemeinschaftk\u00fcche und Gemeinschaftsbad\" \/>\n<meta property=\"og:description\" content=\"(Deutsch) Komplett und modern ausgestattete Gemeinschaftsk\u00fcche mit K\u00fchlschrank, Herd, Mikrowelle, Kaffeemaschine und Wasserkocher sowie Bad f\u00fcr je 3 Zimmer\" \/>\n<meta property=\"og:url\" content=\"https:\/\/boardinghaus-freising.de\/en\/haus-villa\/gemeinschaftskueche\/\" \/>\n<meta property=\"og:site_name\" content=\"Boardinghaus Freising\" \/>\n<meta property=\"article:modified_time\" content=\"2017-11-20T19:57:51+00:00\" \/>\n<meta name=\"twitter:card\" content=\"summary_large_image\" \/>\n<script type=\"application\/ld+json\" class=\"yoast-schema-graph\">{\"@context\":\"https:\/\/schema.org\",\"@graph\":[{\"@type\":\"WebPage\",\"@id\":\"https:\/\/boardinghaus-freising.de\/en\/haus-villa\/gemeinschaftskueche\/\",\"url\":\"https:\/\/boardinghaus-freising.de\/en\/haus-villa\/gemeinschaftskueche\/\",\"name\":\"(Deutsch) Boardinghaus Freising - Gemeinschaftk\u00fcche und Gemeinschaftsbad\",\"isPartOf\":{\"@id\":\"https:\/\/boardinghaus-freising.de\/#website\"},\"datePublished\":\"2017-10-25T22:15:13+00:00\",\"dateModified\":\"2017-11-20T19:57:51+00:00\",\"description\":\"(Deutsch) Komplett und modern ausgestattete Gemeinschaftsk\u00fcche mit K\u00fchlschrank, Herd, Mikrowelle, Kaffeemaschine und Wasserkocher sowie Bad f\u00fcr je 3 Zimmer\",\"breadcrumb\":{\"@id\":\"https:\/\/boardinghaus-freising.de\/en\/haus-villa\/gemeinschaftskueche\/#breadcrumb\"},\"inLanguage\":\"en-US\",\"potentialAction\":[{\"@type\":\"ReadAction\",\"target\":[\"https:\/\/boardinghaus-freising.de\/en\/haus-villa\/gemeinschaftskueche\/\"]}]},{\"@type\":\"BreadcrumbList\",\"@id\":\"https:\/\/boardinghaus-freising.de\/en\/haus-villa\/gemeinschaftskueche\/#breadcrumb\",\"itemListElement\":[{\"@type\":\"ListItem\",\"position\":1,\"name\":\"Startseite\",\"item\":\"https:\/\/boardinghaus-freising.de\/\"},{\"@type\":\"ListItem\",\"position\":2,\"name\":\"Haus Villa\",\"item\":\"https:\/\/boardinghaus-freising.de\/haus-villa\/\"},{\"@type\":\"ListItem\",\"position\":3,\"name\":\"Common Kitchen and Common Bathroom\"}]},{\"@type\":\"WebSite\",\"@id\":\"https:\/\/boardinghaus-freising.de\/#website\",\"url\":\"https:\/\/boardinghaus-freising.de\/\",\"name\":\"Boardinghaus Freising\",\"description\":\"A longterm stay\",\"potentialAction\":[{\"@type\":\"SearchAction\",\"target\":{\"@type\":\"EntryPoint\",\"urlTemplate\":\"https:\/\/boardinghaus-freising.de\/?s={search_term_string}\"},\"query-input\":{\"@type\":\"PropertyValueSpecification\",\"valueRequired\":true,\"valueName\":\"search_term_string\"}}],\"inLanguage\":\"en-US\"}]}<\/script>\n<!-- \/ Yoast SEO plugin. -->","yoast_head_json":{"title":"(Deutsch) Boardinghaus Freising - Gemeinschaftk\u00fcche und Gemeinschaftsbad","description":"(Deutsch) Komplett und modern ausgestattete Gemeinschaftsk\u00fcche mit K\u00fchlschrank, Herd, Mikrowelle, Kaffeemaschine und Wasserkocher sowie Bad f\u00fcr je 3 Zimmer","robots":{"index":"index","follow":"follow","max-snippet":"max-snippet:-1","max-image-preview":"max-image-preview:large","max-video-preview":"max-video-preview:-1"},"canonical":"https:\/\/boardinghaus-freising.de\/en\/haus-villa\/gemeinschaftskueche\/","og_locale":"en_US","og_type":"article","og_title":"(Deutsch) Boardinghaus Freising - Gemeinschaftk\u00fcche und Gemeinschaftsbad","og_description":"(Deutsch) Komplett und modern ausgestattete Gemeinschaftsk\u00fcche mit K\u00fchlschrank, Herd, Mikrowelle, Kaffeemaschine und Wasserkocher sowie Bad f\u00fcr je 3 Zimmer","og_url":"https:\/\/boardinghaus-freising.de\/en\/haus-villa\/gemeinschaftskueche\/","og_site_name":"Boardinghaus Freising","article_modified_time":"2017-11-20T19:57:51+00:00","twitter_card":"summary_large_image","schema":{"@context":"https:\/\/schema.org","@graph":[{"@type":"WebPage","@id":"https:\/\/boardinghaus-freising.de\/en\/haus-villa\/gemeinschaftskueche\/","url":"https:\/\/boardinghaus-freising.de\/en\/haus-villa\/gemeinschaftskueche\/","name":"(Deutsch) Boardinghaus Freising - Gemeinschaftk\u00fcche und Gemeinschaftsbad","isPartOf":{"@id":"https:\/\/boardinghaus-freising.de\/#website"},"datePublished":"2017-10-25T22:15:13+00:00","dateModified":"2017-11-20T19:57:51+00:00","description":"(Deutsch) Komplett und modern ausgestattete Gemeinschaftsk\u00fcche mit K\u00fchlschrank, Herd, Mikrowelle, Kaffeemaschine und Wasserkocher sowie Bad f\u00fcr je 3 Zimmer","breadcrumb":{"@id":"https:\/\/boardinghaus-freising.de\/en\/haus-villa\/gemeinschaftskueche\/#breadcrumb"},"inLanguage":"en-US","potentialAction":[{"@type":"ReadAction","target":["https:\/\/boardinghaus-freising.de\/en\/haus-villa\/gemeinschaftskueche\/"]}]},{"@type":"BreadcrumbList","@id":"https:\/\/boardinghaus-freising.de\/en\/haus-villa\/gemeinschaftskueche\/#breadcrumb","itemListElement":[{"@type":"ListItem","position":1,"name":"Startseite","item":"https:\/\/boardinghaus-freising.de\/"},{"@type":"ListItem","position":2,"name":"Haus Villa","item":"https:\/\/boardinghaus-freising.de\/haus-villa\/"},{"@type":"ListItem","position":3,"name":"Common Kitchen and Common Bathroom"}]},{"@type":"WebSite","@id":"https:\/\/boardinghaus-freising.de\/#website","url":"https:\/\/boardinghaus-freising.de\/","name":"Boardinghaus Freising","description":"A longterm stay","potentialAction":[{"@type":"SearchAction","target":{"@type":"EntryPoint","urlTemplate":"https:\/\/boardinghaus-freising.de\/?s={search_term_string}"},"query-input":{"@type":"PropertyValueSpecification","valueRequired":true,"valueName":"search_term_string"}}],"inLanguage":"en-US"}]}},"_links":{"self":[{"href":"https:\/\/boardinghaus-freising.de\/en\/wp-json\/wp\/v2\/pages\/521","targetHints":{"allow":["GET"]}}],"collection":[{"href":"https:\/\/boardinghaus-freising.de\/en\/wp-json\/wp\/v2\/pages"}],"about":[{"href":"https:\/\/boardinghaus-freising.de\/en\/wp-json\/wp\/v2\/types\/page"}],"author":[{"embeddable":true,"href":"https:\/\/boardinghaus-freising.de\/en\/wp-json\/wp\/v2\/users\/2"}],"replies":[{"embeddable":true,"href":"https:\/\/boardinghaus-freising.de\/en\/wp-json\/wp\/v2\/comments?post=521"}],"version-history":[{"count":4,"href":"https:\/\/boardinghaus-freising.de\/en\/wp-json\/wp\/v2\/pages\/521\/revisions"}],"predecessor-version":[{"id":628,"href":"https:\/\/boardinghaus-freising.de\/en\/wp-json\/wp\/v2\/pages\/521\/revisions\/628"}],"up":[{"embeddable":true,"href":"https:\/\/boardinghaus-freising.de\/en\/wp-json\/wp\/v2\/pages\/15"}],"wp:attachment":[{"href":"https:\/\/boardinghaus-freising.de\/en\/wp-json\/wp\/v2\/media?parent=521"}],"curies":[{"name":"wp","href":"https:\/\/api.w.org\/{rel}","templated":true}]}}