{"id":57,"date":"2017-09-24T22:35:13","date_gmt":"2017-09-24T20:35:13","guid":{"rendered":"http:\/\/boardinghaus.devultras.com\/?page_id=57"},"modified":"2017-11-15T21:21:05","modified_gmt":"2017-11-15T20:21:05","slug":"gemeinschaftsraum","status":"publish","type":"page","link":"https:\/\/boardinghaus-freising.de\/en\/haus-city\/gemeinschaftsraum\/","title":{"rendered":"Commun Room"},"content":{"rendered":"<p><\/p>\n<h2>House City<\/h2>\n<hr \/>\n<p>In the House City is aviable a Commun room with kitchenette for all guests<b>.<br \/>\n<\/b><\/p>\n<div><strong>Furnishing<\/strong><\/div>\n<p>&nbsp;<\/p>\n<ul>\n<li>ceran-cooktop with fume cupboard<\/li>\n<li>microwave<\/li>\n<li>electric kettle<\/li>\n<li>dishwasher<\/li>\n<li>cookware (pots, pans, cooking cutlery)<\/li>\n<li>dinnerware (plates, glases, cutlery)<\/li>\n<li>tables and chairs<\/li>\n<\/ul>\n<p><\/p>","protected":false},"excerpt":{"rendered":"<p>House City In the House City is aviable a Commun room with kitchenette for all guests. Furnishing &nbsp; ceran-cooktop with fume cupboard microwave electric kettle dishwasher cookware (pots, pans, cooking cutlery) dinnerware (plates, glases, cutlery) tables and chairs<\/p>\n","protected":false},"author":2,"featured_media":0,"parent":18,"menu_order":0,"comment_status":"closed","ping_status":"closed","template":"","meta":{"footnotes":""},"class_list":["post-57","page","type-page","status-publish","hentry"],"yoast_head":"<!-- This site is optimized with the Yoast SEO plugin v26.3 - https:\/\/yoast.com\/wordpress\/plugins\/seo\/ -->\n<title>Boardinghaus Freising - Gemeinschaftsraum mit K\u00fcche f\u00fcr alle G\u00e4ste<\/title>\n<meta name=\"description\" content=\"Im Haus City steht allen Nutzern ein Gemeinschaftsraum mit K\u00fcche zur Verf\u00fcgung. Mit Cerankochfeld, Mikrowelle und Geschirrsp\u00fcler.\" \/>\n<meta name=\"robots\" content=\"index, follow, max-snippet:-1, max-image-preview:large, max-video-preview:-1\" \/>\n<link rel=\"canonical\" href=\"https:\/\/boardinghaus-freising.de\/haus-city\/gemeinschaftsraum\/\" \/>\n<meta property=\"og:locale\" content=\"en_US\" \/>\n<meta property=\"og:type\" content=\"article\" \/>\n<meta property=\"og:title\" content=\"Boardinghaus Freising - Gemeinschaftsraum mit K\u00fcche f\u00fcr alle G\u00e4ste\" \/>\n<meta property=\"og:description\" content=\"Im Haus City steht allen Nutzern ein Gemeinschaftsraum mit K\u00fcche zur Verf\u00fcgung. Mit Cerankochfeld, Mikrowelle und Geschirrsp\u00fcler.\" \/>\n<meta property=\"og:url\" content=\"https:\/\/boardinghaus-freising.de\/haus-city\/gemeinschaftsraum\/\" \/>\n<meta property=\"og:site_name\" content=\"Boardinghaus Freising\" \/>\n<meta property=\"article:modified_time\" content=\"2017-11-15T20:21:05+00:00\" \/>\n<meta name=\"twitter:card\" content=\"summary_large_image\" \/>\n<script type=\"application\/ld+json\" class=\"yoast-schema-graph\">{\"@context\":\"https:\/\/schema.org\",\"@graph\":[{\"@type\":\"WebPage\",\"@id\":\"https:\/\/boardinghaus-freising.de\/haus-city\/gemeinschaftsraum\/\",\"url\":\"https:\/\/boardinghaus-freising.de\/haus-city\/gemeinschaftsraum\/\",\"name\":\"Boardinghaus Freising - Gemeinschaftsraum mit K\u00fcche f\u00fcr alle G\u00e4ste\",\"isPartOf\":{\"@id\":\"https:\/\/boardinghaus-freising.de\/#website\"},\"datePublished\":\"2017-09-24T20:35:13+00:00\",\"dateModified\":\"2017-11-15T20:21:05+00:00\",\"description\":\"Im Haus City steht allen Nutzern ein Gemeinschaftsraum mit K\u00fcche zur Verf\u00fcgung. Mit Cerankochfeld, Mikrowelle und Geschirrsp\u00fcler.\",\"breadcrumb\":{\"@id\":\"https:\/\/boardinghaus-freising.de\/haus-city\/gemeinschaftsraum\/#breadcrumb\"},\"inLanguage\":\"en-US\",\"potentialAction\":[{\"@type\":\"ReadAction\",\"target\":[\"https:\/\/boardinghaus-freising.de\/haus-city\/gemeinschaftsraum\/\"]}]},{\"@type\":\"BreadcrumbList\",\"@id\":\"https:\/\/boardinghaus-freising.de\/haus-city\/gemeinschaftsraum\/#breadcrumb\",\"itemListElement\":[{\"@type\":\"ListItem\",\"position\":1,\"name\":\"Startseite\",\"item\":\"https:\/\/boardinghaus-freising.de\/\"},{\"@type\":\"ListItem\",\"position\":2,\"name\":\"Haus City\",\"item\":\"https:\/\/boardinghaus-freising.de\/haus-city\/\"},{\"@type\":\"ListItem\",\"position\":3,\"name\":\"Gemeinschaftsraum\"}]},{\"@type\":\"WebSite\",\"@id\":\"https:\/\/boardinghaus-freising.de\/#website\",\"url\":\"https:\/\/boardinghaus-freising.de\/\",\"name\":\"Boardinghaus Freising\",\"description\":\"A longterm stay\",\"potentialAction\":[{\"@type\":\"SearchAction\",\"target\":{\"@type\":\"EntryPoint\",\"urlTemplate\":\"https:\/\/boardinghaus-freising.de\/?s={search_term_string}\"},\"query-input\":{\"@type\":\"PropertyValueSpecification\",\"valueRequired\":true,\"valueName\":\"search_term_string\"}}],\"inLanguage\":\"en-US\"}]}<\/script>\n<!-- \/ Yoast SEO plugin. -->","yoast_head_json":{"title":"Boardinghaus Freising - Gemeinschaftsraum mit K\u00fcche f\u00fcr alle G\u00e4ste","description":"Im Haus City steht allen Nutzern ein Gemeinschaftsraum mit K\u00fcche zur Verf\u00fcgung. Mit Cerankochfeld, Mikrowelle und Geschirrsp\u00fcler.","robots":{"index":"index","follow":"follow","max-snippet":"max-snippet:-1","max-image-preview":"max-image-preview:large","max-video-preview":"max-video-preview:-1"},"canonical":"https:\/\/boardinghaus-freising.de\/haus-city\/gemeinschaftsraum\/","og_locale":"en_US","og_type":"article","og_title":"Boardinghaus Freising - Gemeinschaftsraum mit K\u00fcche f\u00fcr alle G\u00e4ste","og_description":"Im Haus City steht allen Nutzern ein Gemeinschaftsraum mit K\u00fcche zur Verf\u00fcgung. Mit Cerankochfeld, Mikrowelle und Geschirrsp\u00fcler.","og_url":"https:\/\/boardinghaus-freising.de\/haus-city\/gemeinschaftsraum\/","og_site_name":"Boardinghaus Freising","article_modified_time":"2017-11-15T20:21:05+00:00","twitter_card":"summary_large_image","schema":{"@context":"https:\/\/schema.org","@graph":[{"@type":"WebPage","@id":"https:\/\/boardinghaus-freising.de\/haus-city\/gemeinschaftsraum\/","url":"https:\/\/boardinghaus-freising.de\/haus-city\/gemeinschaftsraum\/","name":"Boardinghaus Freising - Gemeinschaftsraum mit K\u00fcche f\u00fcr alle G\u00e4ste","isPartOf":{"@id":"https:\/\/boardinghaus-freising.de\/#website"},"datePublished":"2017-09-24T20:35:13+00:00","dateModified":"2017-11-15T20:21:05+00:00","description":"Im Haus City steht allen Nutzern ein Gemeinschaftsraum mit K\u00fcche zur Verf\u00fcgung. Mit Cerankochfeld, Mikrowelle und Geschirrsp\u00fcler.","breadcrumb":{"@id":"https:\/\/boardinghaus-freising.de\/haus-city\/gemeinschaftsraum\/#breadcrumb"},"inLanguage":"en-US","potentialAction":[{"@type":"ReadAction","target":["https:\/\/boardinghaus-freising.de\/haus-city\/gemeinschaftsraum\/"]}]},{"@type":"BreadcrumbList","@id":"https:\/\/boardinghaus-freising.de\/haus-city\/gemeinschaftsraum\/#breadcrumb","itemListElement":[{"@type":"ListItem","position":1,"name":"Startseite","item":"https:\/\/boardinghaus-freising.de\/"},{"@type":"ListItem","position":2,"name":"Haus City","item":"https:\/\/boardinghaus-freising.de\/haus-city\/"},{"@type":"ListItem","position":3,"name":"Gemeinschaftsraum"}]},{"@type":"WebSite","@id":"https:\/\/boardinghaus-freising.de\/#website","url":"https:\/\/boardinghaus-freising.de\/","name":"Boardinghaus Freising","description":"A longterm stay","potentialAction":[{"@type":"SearchAction","target":{"@type":"EntryPoint","urlTemplate":"https:\/\/boardinghaus-freising.de\/?s={search_term_string}"},"query-input":{"@type":"PropertyValueSpecification","valueRequired":true,"valueName":"search_term_string"}}],"inLanguage":"en-US"}]}},"_links":{"self":[{"href":"https:\/\/boardinghaus-freising.de\/en\/wp-json\/wp\/v2\/pages\/57","targetHints":{"allow":["GET"]}}],"collection":[{"href":"https:\/\/boardinghaus-freising.de\/en\/wp-json\/wp\/v2\/pages"}],"about":[{"href":"https:\/\/boardinghaus-freising.de\/en\/wp-json\/wp\/v2\/types\/page"}],"author":[{"embeddable":true,"href":"https:\/\/boardinghaus-freising.de\/en\/wp-json\/wp\/v2\/users\/2"}],"replies":[{"embeddable":true,"href":"https:\/\/boardinghaus-freising.de\/en\/wp-json\/wp\/v2\/comments?post=57"}],"version-history":[{"count":22,"href":"https:\/\/boardinghaus-freising.de\/en\/wp-json\/wp\/v2\/pages\/57\/revisions"}],"predecessor-version":[{"id":611,"href":"https:\/\/boardinghaus-freising.de\/en\/wp-json\/wp\/v2\/pages\/57\/revisions\/611"}],"up":[{"embeddable":true,"href":"https:\/\/boardinghaus-freising.de\/en\/wp-json\/wp\/v2\/pages\/18"}],"wp:attachment":[{"href":"https:\/\/boardinghaus-freising.de\/en\/wp-json\/wp\/v2\/media?parent=57"}],"curies":[{"name":"wp","href":"https:\/\/api.w.org\/{rel}","templated":true}]}}