{"id":59,"date":"2017-09-24T22:35:29","date_gmt":"2017-09-24T20:35:29","guid":{"rendered":"http:\/\/boardinghaus.devultras.com\/?page_id=59"},"modified":"2025-10-23T09:38:26","modified_gmt":"2025-10-23T07:38:26","slug":"einzelzimmer","status":"publish","type":"page","link":"https:\/\/boardinghaus-freising.de\/en\/haus-villa\/einzelzimmer\/","title":{"rendered":"Single-Rooms"},"content":{"rendered":"<ul class=\"easy-image-gallery thumbnails-4 linked\">\r\n                    <li><a rel=\"prettyPhoto[group-695]\" href=\"https:\/\/boardinghaus-freising.de\/wp-content\/uploads\/2022\/07\/IMG_20220702_122455-1024x768.jpg\" class=\"eig-popup\" title=\"\" data-caption=\"\" target=\"_blank\"><i class=\"icon-view\"><\/i><span class=\"overlay\"><\/span><img loading=\"lazy\" decoding=\"async\" width=\"150\" height=\"150\" src=\"https:\/\/boardinghaus-freising.de\/wp-content\/uploads\/2022\/07\/IMG_20220702_122455-150x150.jpg\" class=\"attachment-thumbnail size-thumbnail\" alt=\"\" \/><\/a><\/li><li><a rel=\"prettyPhoto[group-695]\" href=\"https:\/\/boardinghaus-freising.de\/wp-content\/uploads\/2022\/07\/IMG_20220702_123757-1024x768.jpg\" class=\"eig-popup\" title=\"\" data-caption=\"\" target=\"_blank\"><i class=\"icon-view\"><\/i><span class=\"overlay\"><\/span><img loading=\"lazy\" decoding=\"async\" width=\"150\" height=\"150\" src=\"https:\/\/boardinghaus-freising.de\/wp-content\/uploads\/2022\/07\/IMG_20220702_123757-150x150.jpg\" class=\"attachment-thumbnail size-thumbnail\" alt=\"\" \/><\/a><\/li><li><a rel=\"prettyPhoto[group-695]\" href=\"https:\/\/boardinghaus-freising.de\/wp-content\/uploads\/2022\/07\/IMG_20220702_123728-1024x768.jpg\" class=\"eig-popup\" title=\"\" data-caption=\"\" target=\"_blank\"><i class=\"icon-view\"><\/i><span class=\"overlay\"><\/span><img loading=\"lazy\" decoding=\"async\" width=\"150\" height=\"150\" src=\"https:\/\/boardinghaus-freising.de\/wp-content\/uploads\/2022\/07\/IMG_20220702_123728-150x150.jpg\" class=\"attachment-thumbnail size-thumbnail\" alt=\"\" \/><\/a><\/li><li><a rel=\"prettyPhoto[group-695]\" href=\"https:\/\/boardinghaus-freising.de\/wp-content\/uploads\/2022\/07\/IMG_20220702_123953-2-1024x768.jpg\" class=\"eig-popup\" title=\"\" data-caption=\"\" target=\"_blank\"><i class=\"icon-view\"><\/i><span class=\"overlay\"><\/span><img loading=\"lazy\" decoding=\"async\" width=\"150\" height=\"150\" src=\"https:\/\/boardinghaus-freising.de\/wp-content\/uploads\/2022\/07\/IMG_20220702_123953-2-150x150.jpg\" class=\"attachment-thumbnail size-thumbnail\" alt=\"\" \/><\/a><\/li><\/ul>\n\n\n<p><\/p>\n<h2>\u00a0<\/h2>\n<h2><strong>House Villa<\/strong><\/h2>\n<p><strong>furnishing<\/strong><\/p>\n<p>different sizes<br \/>All rooms are furnished light and brightly with<\/p>\n<ul>\n<li>single bed (90 x 200 cm)<\/li>\n<li>bedside table with reading lamp<\/li>\n<li>table, chairs, sideboard, wardrobe<\/li>\n<li>wash basin with mirrow cabinet<\/li>\n<li>LED-Smart-TV<\/li>\n<li>internet for free by WLAN-hotspot<\/li>\n<li>ventilator<\/li>\n<li>partial with washing facility with mirror cabinet<\/li>\n<\/ul>\n<p>Without catering.<br \/>Cooking facility in the commun kitchenette.<br \/>Common bathroom in each flat-share<\/p>\n<hr \/>\n<p><strong>single room &#8220;small&#8221; ca. 8 qm<\/strong><br \/>furnishing like as described above, but without area for washing<\/p>\n<p><strong>single room &#8220;medium&#8221; ca. 10-12 qm<br \/><\/strong>furnishing like as described above<strong><br \/><\/strong><\/p>\n<p><strong>single room &#8220;large&#8221;, ca. 19-21 qm <\/strong><a href=\"https:\/\/boardinghaus-freising.de\/en\/haus-villa\/doppelzimmer\/\">(= double room for single use)<\/a><strong><br \/><\/strong>furnishing like as described above, with armchair<\/p>\n<p>With a\u00a0 <a href=\"https:\/\/boardinghaus-freising.de\/en\/haus-villa\/doppelzimmer\/\">double room for single use\u00a0<\/a>(price like single room large)\u00a0 <em>you are flexibel for having visits by family members, friends, partners. <\/em><em>You still have to pay the basic price for single room, costs for second person will be calculate exact for period of stay.<\/em><\/p>\n<p><strong>All rooms are non smoking areas.<\/strong><\/p>\n<p><a href=\"https:\/\/boardinghaus-freising.de\/buchungsanfrage\/\">[Booking inquiry]<\/a><\/p>\n<hr \/>\n<p>Room Rates<\/p>\n<p>from 01.01.2025 on<\/p>\n<table border=\"0\" width=\"380\" cellspacing=\"3\" cellpadding=\"1\">\n<tbody>\n<tr>\n<td width=\"85\" height=\"20\"><strong>Nights<\/strong><\/td>\n<td align=\"right\" width=\"85\">\n<div align=\"left\"><strong>Rates*<br \/>Small<br \/><\/strong><\/div>\n<\/td>\n<td align=\"right\" width=\"85\">\n<div align=\"left\">\n<div align=\"left\"><strong>Rates*<br \/>Medium<\/strong><\/div>\n<\/div>\n<\/td>\n<td align=\"right\" width=\"85\">\n<div align=\"left\"><strong>Rates*<br \/>Large<\/strong><\/div>\n<\/td>\n<\/tr>\n<tr>\n<td width=\"85\" height=\"20\">\u00a01<\/td>\n<td width=\"85\" height=\"20\">54,00 \u20ac<\/td>\n<td width=\"85\">56,00 \u20ac<\/td>\n<td width=\"85\">58,00 \u20ac<\/td>\n<\/tr>\n<tr>\n<td width=\"85\" height=\"20\">\u00a02-4<\/td>\n<td width=\"85\" height=\"20\">49,00 \u20ac<\/td>\n<td width=\"85\">51,00 \u20ac<\/td>\n<td width=\"85\">53,00 \u20ac<\/td>\n<\/tr>\n<tr>\n<td width=\"85\" height=\"20\">\u00a05-7<\/td>\n<td width=\"85\" height=\"20\">31,50 \u20ac<\/td>\n<td width=\"85\">35,50 \u20ac<\/td>\n<td width=\"85\">38,50 \u20ac<\/td>\n<\/tr>\n<tr>\n<td width=\"85\" height=\"20\">\u00a08-10<\/td>\n<td width=\"85\" height=\"20\">28,50 \u20ac<\/td>\n<td width=\"85\">32,00 \u20ac<\/td>\n<td width=\"85\">35,50 \u20ac<\/td>\n<\/tr>\n<tr>\n<td width=\"85\" height=\"20\">11-13<\/td>\n<td width=\"85\" height=\"20\">26,50 \u20ac<\/td>\n<td width=\"85\">30,50 \u20ac<\/td>\n<td width=\"85\">33,50 \u20ac<\/td>\n<\/tr>\n<tr>\n<td width=\"85\" height=\"20\">14-16<\/td>\n<td width=\"85\" height=\"20\">25,00 \u20ac<\/td>\n<td width=\"85\">28,50 \u20ac<\/td>\n<td width=\"85\">31,50 \u20ac<\/td>\n<\/tr>\n<tr>\n<td width=\"85\" height=\"20\">17-19<\/td>\n<td width=\"85\" height=\"20\">24,00 \u20ac<\/td>\n<td width=\"85\">27,50 \u20ac<\/td>\n<td width=\"85\">30,50 \u20ac<\/td>\n<\/tr>\n<tr>\n<td width=\"85\" height=\"20\">20-22<\/td>\n<td width=\"85\" height=\"20\">23,00 \u20ac<\/td>\n<td width=\"85\">26,50 \u20ac<\/td>\n<td width=\"85\">29,50 \u20ac<\/td>\n<\/tr>\n<tr>\n<td width=\"85\" height=\"20\">23-25<\/td>\n<td width=\"85\" height=\"20\">22,50 \u20ac<\/td>\n<td width=\"85\">25,50 \u20ac<\/td>\n<td width=\"85\">28,50 \u20ac<\/td>\n<\/tr>\n<tr>\n<td width=\"85\" height=\"20\">26-28<\/td>\n<td width=\"85\" height=\"20\">22,00 \u20ac<\/td>\n<td width=\"85\">25,00 \u20ac<\/td>\n<td width=\"85\">28,00 \u20ac<\/td>\n<\/tr>\n<tr>\n<td width=\"85\" height=\"20\">29-31<\/td>\n<td width=\"85\" height=\"20\">21,50 \u20ac<\/td>\n<td width=\"85\">24,50 \u20ac<\/td>\n<td width=\"85\">27,50 \u20ac<\/td>\n<\/tr>\n<tr>\n<td width=\"85\" height=\"20\">32+<\/td>\n<td width=\"85\" height=\"20\">21,00 \u20ac<\/td>\n<td width=\"85\">24,00 \u20ac<\/td>\n<td width=\"85\">27,00 \u20ac<\/td>\n<\/tr>\n<\/tbody>\n<\/table>\n<p>* All rates are incl. legal VAT, in Euro, per night\/per room, per category, without interruption.<br \/>Mass, Oktoberfest, events additional 20%<br \/>Minimum stay 14 nights; shorter periods bookable on request<\/p>\n<table style=\"height: 400px;\" border=\"0\" width=\"311\" cellspacing=\"3\" cellpadding=\"1\">\n<tbody>\n<tr>\n<td width=\"85\" height=\"20\">\u00a0<\/td>\n<td align=\"right\" width=\"85\">\u00a0<\/td>\n<td align=\"right\" width=\"85\">\u00a0<\/td>\n<td align=\"right\" width=\"85\">\u00a0<\/td>\n<\/tr>\n<tr>\n<td width=\"85\" height=\"20\">\u00a0<\/td>\n<td width=\"85\" height=\"20\">\u00a0<\/td>\n<td width=\"85\">\u00a0<\/td>\n<td width=\"85\">\u00a0<\/td>\n<\/tr>\n<tr>\n<td width=\"85\" height=\"20\">\u00a0<\/td>\n<td width=\"85\" height=\"20\">\u00a0<\/td>\n<td width=\"85\">\u00a0<\/td>\n<td width=\"85\">\u00a0<\/td>\n<\/tr>\n<tr>\n<td width=\"85\" height=\"20\">\u00a0<\/td>\n<td width=\"85\" height=\"20\">\u00a0<\/td>\n<td width=\"85\">\u00a0<\/td>\n<td width=\"85\">\u00a0<\/td>\n<\/tr>\n<tr>\n<td width=\"85\" height=\"20\">\u00a0<\/td>\n<td width=\"85\" height=\"20\">\u00a0<\/td>\n<td width=\"85\">\u00a0<\/td>\n<td width=\"85\">\u00a0<\/td>\n<\/tr>\n<tr>\n<td width=\"85\" height=\"20\">\u00a0<\/td>\n<td width=\"85\" height=\"20\">\u00a0<\/td>\n<td width=\"85\">\u00a0<\/td>\n<td width=\"85\">\u00a0<\/td>\n<\/tr>\n<tr>\n<td width=\"85\" height=\"20\">\u00a0<\/td>\n<td width=\"85\" height=\"20\">\u00a0<\/td>\n<td width=\"85\">\u00a0<\/td>\n<td width=\"85\">\u00a0<\/td>\n<\/tr>\n<tr>\n<td width=\"85\" height=\"20\">\u00a0<\/td>\n<td width=\"85\" height=\"20\">\u00a0<\/td>\n<td width=\"85\">\u00a0<\/td>\n<td width=\"85\">\u00a0<\/td>\n<\/tr>\n<tr>\n<td width=\"85\" height=\"20\">\u00a0<\/td>\n<td width=\"85\" height=\"20\">\u00a0<\/td>\n<td width=\"85\">\u00a0<\/td>\n<td width=\"85\">\u00a0<\/td>\n<\/tr>\n<tr>\n<td width=\"85\" height=\"20\">\u00a0<\/td>\n<td width=\"85\" height=\"20\">\u00a0<\/td>\n<td width=\"85\">\u00a0<\/td>\n<td width=\"85\">\u00a0<\/td>\n<\/tr>\n<tr>\n<td width=\"85\" height=\"20\">\u00a0<\/td>\n<td width=\"85\" height=\"20\">\u00a0<\/td>\n<td width=\"85\">\u00a0<\/td>\n<td width=\"85\">\u00a0<\/td>\n<\/tr>\n<tr>\n<td width=\"85\" height=\"20\">\u00a0<\/td>\n<td width=\"85\" height=\"20\">\u00a0<\/td>\n<td width=\"85\">\u00a0<\/td>\n<td width=\"85\">\u00a0<\/td>\n<\/tr>\n<tr>\n<td width=\"85\" height=\"20\">\u00a0<\/td>\n<td width=\"85\" height=\"20\">\u00a0<\/td>\n<td width=\"85\">\u00a0<\/td>\n<td width=\"85\">\u00a0<\/td>\n<\/tr>\n<\/tbody>\n<\/table>\n<hr \/>\n<p>furnishing<\/p>\n<p>different sizes<br \/>All rooms are furnished light and brightly with<\/p>\n<ul>\n<li>single bed (90 x 200 cm)<\/li>\n<li>bedside table with reading lamp<\/li>\n<li>table, chairs, sideboard, wardrobe<\/li>\n<li>wash basin with mirrow cabinet<\/li>\n<li>LED-Smart-TV<\/li>\n<li>internet for free by WLAN-hotspot<\/li>\n<li>ventilator<\/li>\n<li>partial with washing facility with mirror cabinet<\/li>\n<\/ul>\n<p>Without catering.<br \/>Cooking facility in the commun kitchenette.<br \/>Common bathroom in each flat-share<\/p>\n<hr \/>\n<p><strong>single room &#8220;small&#8221; ca. 8 qm<\/strong><br \/>furnishing like as described above, but without area for washing<\/p>\n<p><strong>single room &#8220;medium&#8221; ca. 10-12 qm<br \/><\/strong>furnishing like as described above<strong><br \/><\/strong><\/p>\n<p><strong>single room &#8220;large&#8221;, ca. 19-21 qm <\/strong><a href=\"https:\/\/boardinghaus-freising.de\/en\/haus-villa\/doppelzimmer\/\">(= double room for single use)<\/a><strong><br \/><\/strong>furnishing like as described above, with armchair<\/p>\n<p>With a\u00a0 <a href=\"https:\/\/boardinghaus-freising.de\/en\/haus-villa\/doppelzimmer\/\">double room for single use\u00a0<\/a>(price like single room large)\u00a0 <em>you are flexibel for having visits by family members, friends, partners. <\/em><em>You still have to pay the basic price for single room, costs for second person will be calculate exact for period of stay.<\/em><\/p>\n<p><strong>All rooms are non smoking areas.<\/strong><\/p>\n<p><a href=\"https:\/\/boardinghaus-freising.de\/buchungsanfrage\/\">[Booking inquiry]<\/a><\/p>\n<hr \/>\n<p>Room Rates<\/p>\n<p>from 01.01.2025 on<\/p>\n<table border=\"0\" width=\"380\" cellspacing=\"3\" cellpadding=\"1\">\n<tbody>\n<tr>\n<td width=\"85\" height=\"20\"><strong>Nights<\/strong><\/td>\n<td align=\"right\" width=\"85\">\n<div align=\"left\"><strong>Rates*<br \/>Small<br \/><\/strong><\/div>\n<\/td>\n<td align=\"right\" width=\"85\">\n<div align=\"left\">\n<div align=\"left\"><strong>Rates*<br \/>Medium<\/strong><\/div>\n<\/div>\n<\/td>\n<td align=\"right\" width=\"85\">\n<div align=\"left\"><strong>Rates*<br \/>Large<\/strong><\/div>\n<\/td>\n<\/tr>\n<tr>\n<td width=\"85\" height=\"20\">\u00a01<\/td>\n<td width=\"85\" height=\"20\">54,00 \u20ac<\/td>\n<td width=\"85\">56,00 \u20ac<\/td>\n<td width=\"85\">58,00 \u20ac<\/td>\n<\/tr>\n<tr>\n<td width=\"85\" height=\"20\">\u00a02-4<\/td>\n<td width=\"85\" height=\"20\">49,00 \u20ac<\/td>\n<td width=\"85\">51,00 \u20ac<\/td>\n<td width=\"85\">53,00 \u20ac<\/td>\n<\/tr>\n<tr>\n<td width=\"85\" height=\"20\">\u00a05-7<\/td>\n<td width=\"85\" height=\"20\">31,50 \u20ac<\/td>\n<td width=\"85\">35,50 \u20ac<\/td>\n<td width=\"85\">38,50 \u20ac<\/td>\n<\/tr>\n<tr>\n<td width=\"85\" height=\"20\">\u00a08-10<\/td>\n<td width=\"85\" height=\"20\">28,50 \u20ac<\/td>\n<td width=\"85\">32,00 \u20ac<\/td>\n<td width=\"85\">35,50 \u20ac<\/td>\n<\/tr>\n<tr>\n<td width=\"85\" height=\"20\">11-13<\/td>\n<td width=\"85\" height=\"20\">26,50 \u20ac<\/td>\n<td width=\"85\">30,50 \u20ac<\/td>\n<td width=\"85\">33,50 \u20ac<\/td>\n<\/tr>\n<tr>\n<td width=\"85\" height=\"20\">14-16<\/td>\n<td width=\"85\" height=\"20\">25,00 \u20ac<\/td>\n<td width=\"85\">28,50 \u20ac<\/td>\n<td width=\"85\">31,50 \u20ac<\/td>\n<\/tr>\n<tr>\n<td width=\"85\" height=\"20\">17-19<\/td>\n<td width=\"85\" height=\"20\">24,00 \u20ac<\/td>\n<td width=\"85\">27,50 \u20ac<\/td>\n<td width=\"85\">30,50 \u20ac<\/td>\n<\/tr>\n<tr>\n<td width=\"85\" height=\"20\">20-22<\/td>\n<td width=\"85\" height=\"20\">23,00 \u20ac<\/td>\n<td width=\"85\">26,50 \u20ac<\/td>\n<td width=\"85\">29,50 \u20ac<\/td>\n<\/tr>\n<tr>\n<td width=\"85\" height=\"20\">23-25<\/td>\n<td width=\"85\" height=\"20\">22,50 \u20ac<\/td>\n<td width=\"85\">25,50 \u20ac<\/td>\n<td width=\"85\">28,50 \u20ac<\/td>\n<\/tr>\n<tr>\n<td width=\"85\" height=\"20\">26-28<\/td>\n<td width=\"85\" height=\"20\">22,00 \u20ac<\/td>\n<td width=\"85\">25,00 \u20ac<\/td>\n<td width=\"85\">28,00 \u20ac<\/td>\n<\/tr>\n<tr>\n<td width=\"85\" height=\"20\">29-31<\/td>\n<td width=\"85\" height=\"20\">21,50 \u20ac<\/td>\n<td width=\"85\">24,50 \u20ac<\/td>\n<td width=\"85\">27,50 \u20ac<\/td>\n<\/tr>\n<tr>\n<td width=\"85\" height=\"20\">32+<\/td>\n<td width=\"85\" height=\"20\">21,00 \u20ac<\/td>\n<td width=\"85\">24,00 \u20ac<\/td>\n<td width=\"85\">27,00 \u20ac<\/td>\n<\/tr>\n<\/tbody>\n<\/table>\n<p>* All rates are incl. legal VAT, in Euro, per night\/per room, per category, without interruption.<br \/>Mass, Oktoberfest, events additional 20%<br \/>Minimum stay 14 nights; shorter periods bookable on request<\/p>","protected":false},"excerpt":{"rendered":"<p>\u00a0 House Villa furnishing different sizesAll rooms are furnished light and brightly with single bed (90 x 200 cm) bedside table with reading lamp table, chairs, sideboard, wardrobe wash basin with mirrow cabinet LED-Smart-TV internet for free by WLAN-hotspot ventilator partial with washing facility with mirror cabinet Without catering.Cooking facility in the commun kitchenette.Common bathroom [&hellip;]<\/p>\n","protected":false},"author":2,"featured_media":0,"parent":15,"menu_order":0,"comment_status":"closed","ping_status":"closed","template":"","meta":{"footnotes":""},"class_list":["post-59","page","type-page","status-publish","hentry"],"yoast_head":"<!-- This site is optimized with the Yoast SEO plugin v26.3 - https:\/\/yoast.com\/wordpress\/plugins\/seo\/ -->\n<title>(Deutsch) Boardinghaus Freising - Einzelzimmer zu Top Preisen. Jetzt anfragen!<\/title>\n<meta name=\"description\" content=\"(Deutsch) Komfortable Einzelzimmer mit solider Ausstattung zu fairen Staffelpreisen. In verschiedenen Gr\u00f6\u00dfen. Mit Kabel-TV, Internet per WLAN-Hotspot und K\u00fchlschrank.\" \/>\n<meta name=\"robots\" content=\"index, follow, max-snippet:-1, max-image-preview:large, max-video-preview:-1\" \/>\n<link rel=\"canonical\" href=\"https:\/\/boardinghaus-freising.de\/haus-villa\/einzelzimmer\/\" \/>\n<meta property=\"og:locale\" content=\"en_US\" \/>\n<meta property=\"og:type\" content=\"article\" \/>\n<meta property=\"og:title\" content=\"[:de]Boardinghaus Freising - Einzelzimmer zu Top Preisen. Jetzt anfragen![:]\" \/>\n<meta property=\"og:description\" content=\"{:de}Komfortable Einzelzimmer mit solider Ausstattung zu fairen Staffelpreisen. In verschiedenen Gr\u00f6\u00dfen. Mit Kabel-TV, Internet per WLAN-Hotspot und K\u00fchlschrank. {:}\" \/>\n<meta property=\"og:url\" content=\"https:\/\/boardinghaus-freising.de\/haus-villa\/einzelzimmer\/\" \/>\n<meta property=\"og:site_name\" content=\"Boardinghaus Freising\" \/>\n<meta property=\"article:modified_time\" content=\"2025-10-23T07:38:26+00:00\" \/>\n<meta name=\"twitter:card\" content=\"summary_large_image\" \/>\n<meta name=\"twitter:label1\" content=\"Est. reading time\" \/>\n\t<meta name=\"twitter:data1\" content=\"5 minutes\" \/>\n<script type=\"application\/ld+json\" class=\"yoast-schema-graph\">{\"@context\":\"https:\/\/schema.org\",\"@graph\":[{\"@type\":\"WebPage\",\"@id\":\"https:\/\/boardinghaus-freising.de\/haus-villa\/einzelzimmer\/\",\"url\":\"https:\/\/boardinghaus-freising.de\/haus-villa\/einzelzimmer\/\",\"name\":\"[:de]Boardinghaus Freising - Einzelzimmer zu Top Preisen. Jetzt anfragen![:]\",\"isPartOf\":{\"@id\":\"https:\/\/boardinghaus-freising.de\/#website\"},\"datePublished\":\"2017-09-24T20:35:29+00:00\",\"dateModified\":\"2025-10-23T07:38:26+00:00\",\"description\":\"{:de}Komfortable Einzelzimmer mit solider Ausstattung zu fairen Staffelpreisen. In verschiedenen Gr\u00f6\u00dfen. Mit Kabel-TV, Internet per WLAN-Hotspot und K\u00fchlschrank. {:}\",\"breadcrumb\":{\"@id\":\"https:\/\/boardinghaus-freising.de\/haus-villa\/einzelzimmer\/#breadcrumb\"},\"inLanguage\":\"en-US\",\"potentialAction\":[{\"@type\":\"ReadAction\",\"target\":[\"https:\/\/boardinghaus-freising.de\/haus-villa\/einzelzimmer\/\"]}]},{\"@type\":\"BreadcrumbList\",\"@id\":\"https:\/\/boardinghaus-freising.de\/haus-villa\/einzelzimmer\/#breadcrumb\",\"itemListElement\":[{\"@type\":\"ListItem\",\"position\":1,\"name\":\"Startseite\",\"item\":\"https:\/\/boardinghaus-freising.de\/\"},{\"@type\":\"ListItem\",\"position\":2,\"name\":\"Haus Villa\",\"item\":\"https:\/\/boardinghaus-freising.de\/haus-villa\/\"},{\"@type\":\"ListItem\",\"position\":3,\"name\":\"Einzelzimmer\"}]},{\"@type\":\"WebSite\",\"@id\":\"https:\/\/boardinghaus-freising.de\/#website\",\"url\":\"https:\/\/boardinghaus-freising.de\/\",\"name\":\"Boardinghaus Freising\",\"description\":\"A longterm stay\",\"potentialAction\":[{\"@type\":\"SearchAction\",\"target\":{\"@type\":\"EntryPoint\",\"urlTemplate\":\"https:\/\/boardinghaus-freising.de\/?s={search_term_string}\"},\"query-input\":{\"@type\":\"PropertyValueSpecification\",\"valueRequired\":true,\"valueName\":\"search_term_string\"}}],\"inLanguage\":\"en-US\"}]}<\/script>\n<!-- \/ Yoast SEO plugin. -->","yoast_head_json":{"title":"(Deutsch) Boardinghaus Freising - Einzelzimmer zu Top Preisen. Jetzt anfragen!","description":"(Deutsch) Komfortable Einzelzimmer mit solider Ausstattung zu fairen Staffelpreisen. In verschiedenen Gr\u00f6\u00dfen. Mit Kabel-TV, Internet per WLAN-Hotspot und K\u00fchlschrank.","robots":{"index":"index","follow":"follow","max-snippet":"max-snippet:-1","max-image-preview":"max-image-preview:large","max-video-preview":"max-video-preview:-1"},"canonical":"https:\/\/boardinghaus-freising.de\/haus-villa\/einzelzimmer\/","og_locale":"en_US","og_type":"article","og_title":"[:de]Boardinghaus Freising - Einzelzimmer zu Top Preisen. Jetzt anfragen![:]","og_description":"{:de}Komfortable Einzelzimmer mit solider Ausstattung zu fairen Staffelpreisen. In verschiedenen Gr\u00f6\u00dfen. Mit Kabel-TV, Internet per WLAN-Hotspot und K\u00fchlschrank. {:}","og_url":"https:\/\/boardinghaus-freising.de\/haus-villa\/einzelzimmer\/","og_site_name":"Boardinghaus Freising","article_modified_time":"2025-10-23T07:38:26+00:00","twitter_card":"summary_large_image","twitter_misc":{"Est. reading time":"5 minutes"},"schema":{"@context":"https:\/\/schema.org","@graph":[{"@type":"WebPage","@id":"https:\/\/boardinghaus-freising.de\/haus-villa\/einzelzimmer\/","url":"https:\/\/boardinghaus-freising.de\/haus-villa\/einzelzimmer\/","name":"[:de]Boardinghaus Freising - Einzelzimmer zu Top Preisen. Jetzt anfragen![:]","isPartOf":{"@id":"https:\/\/boardinghaus-freising.de\/#website"},"datePublished":"2017-09-24T20:35:29+00:00","dateModified":"2025-10-23T07:38:26+00:00","description":"{:de}Komfortable Einzelzimmer mit solider Ausstattung zu fairen Staffelpreisen. In verschiedenen Gr\u00f6\u00dfen. Mit Kabel-TV, Internet per WLAN-Hotspot und K\u00fchlschrank. {:}","breadcrumb":{"@id":"https:\/\/boardinghaus-freising.de\/haus-villa\/einzelzimmer\/#breadcrumb"},"inLanguage":"en-US","potentialAction":[{"@type":"ReadAction","target":["https:\/\/boardinghaus-freising.de\/haus-villa\/einzelzimmer\/"]}]},{"@type":"BreadcrumbList","@id":"https:\/\/boardinghaus-freising.de\/haus-villa\/einzelzimmer\/#breadcrumb","itemListElement":[{"@type":"ListItem","position":1,"name":"Startseite","item":"https:\/\/boardinghaus-freising.de\/"},{"@type":"ListItem","position":2,"name":"Haus Villa","item":"https:\/\/boardinghaus-freising.de\/haus-villa\/"},{"@type":"ListItem","position":3,"name":"Einzelzimmer"}]},{"@type":"WebSite","@id":"https:\/\/boardinghaus-freising.de\/#website","url":"https:\/\/boardinghaus-freising.de\/","name":"Boardinghaus Freising","description":"A longterm stay","potentialAction":[{"@type":"SearchAction","target":{"@type":"EntryPoint","urlTemplate":"https:\/\/boardinghaus-freising.de\/?s={search_term_string}"},"query-input":{"@type":"PropertyValueSpecification","valueRequired":true,"valueName":"search_term_string"}}],"inLanguage":"en-US"}]}},"_links":{"self":[{"href":"https:\/\/boardinghaus-freising.de\/en\/wp-json\/wp\/v2\/pages\/59","targetHints":{"allow":["GET"]}}],"collection":[{"href":"https:\/\/boardinghaus-freising.de\/en\/wp-json\/wp\/v2\/pages"}],"about":[{"href":"https:\/\/boardinghaus-freising.de\/en\/wp-json\/wp\/v2\/types\/page"}],"author":[{"embeddable":true,"href":"https:\/\/boardinghaus-freising.de\/en\/wp-json\/wp\/v2\/users\/2"}],"replies":[{"embeddable":true,"href":"https:\/\/boardinghaus-freising.de\/en\/wp-json\/wp\/v2\/comments?post=59"}],"version-history":[{"count":125,"href":"https:\/\/boardinghaus-freising.de\/en\/wp-json\/wp\/v2\/pages\/59\/revisions"}],"predecessor-version":[{"id":1814,"href":"https:\/\/boardinghaus-freising.de\/en\/wp-json\/wp\/v2\/pages\/59\/revisions\/1814"}],"up":[{"embeddable":true,"href":"https:\/\/boardinghaus-freising.de\/en\/wp-json\/wp\/v2\/pages\/15"}],"wp:attachment":[{"href":"https:\/\/boardinghaus-freising.de\/en\/wp-json\/wp\/v2\/media?parent=59"}],"curies":[{"name":"wp","href":"https:\/\/api.w.org\/{rel}","templated":true}]}}